{"id":881,"date":"2025-10-18T19:22:51","date_gmt":"2025-10-18T12:22:51","guid":{"rendered":"https:\/\/7pong.com\/?post_type=product&#038;p=881"},"modified":"2025-11-01T22:46:11","modified_gmt":"2025-11-01T15:46:11","slug":"trung-rung-tinh-yeu-2-dau-nhua-1-dau-gai-lon-dieu-khien-rieng-biet-7pong-msp03-cua-hang-do-choi-tinh-yeu","status":"publish","type":"product","link":"http:\/\/7pong.com\/vi\/san-pham\/trung-rung-tinh-yeu-2-dau-nhua-1-dau-gai-lon-dieu-khien-rieng-biet-7pong-msp03-cua-hang-do-choi-tinh-yeu","title":{"rendered":"Tr\u1ee9ng Rung T\u00ecnh Y\u00eau 2 \u0110\u1ea7u Nh\u1ef1a &#8211; 1 \u0110\u1ea7u Gai L\u1edbn \u0110i\u1ec1u Khi\u1ec3n Ri\u00eang Bi\u1ec7t | 7PONG MSP03 | C\u1eeda H\u00e0ng \u0110\u1ed3 Ch\u01a1i T\u00ecnh Y\u00eau"},"content":{"rendered":"<h2><span class=\"math-inline\" data-math=\"\\mathbf{\\textit{Gi\u1edbi Thi\u1ec7u Chung V\u1ec1 Tr\u1ee9ng Rung T\u00ecnh Y\u00eau 2 \u0110\u1ea7u \u0110i\u1ec1u Khi\u1ec3n Ri\u00eang Bi\u1ec7t}}\">Gi\u1edbi Thi\u1ec7u Chung V\u1ec1 Tr\u1ee9ng Rung T\u00ecnh Y\u00eau 2 \u0110\u1ea7u \u0110i\u1ec1u Khi\u1ec3n Ri\u00eang Bi\u1ec7t<\/span><\/h2>\n<h4>N\u1ebfu b\u1ea1n \u0111ang t\u00ecm ki\u1ebfm m\u1ed9t d\u1ee5ng c\u1ee5 t\u00ecnh y\u00eau mang l\u1ea1i s\u1ef1 k\u00edch th\u00edch k\u00e9p v\u00e0 \u0111a d\u1ea1ng h\u00f3a tr\u1ea3i nghi\u1ec7m, <b>Tr\u1ee9ng Rung T\u00ecnh Y\u00eau 2 \u0111\u1ea7u nh\u1ef1a &#8211; 1 \u0111\u1ea7u gai l\u1edbn \u0111i\u1ec1u khi\u1ec3n ri\u00eang bi\u1ec7t<\/b> t\u1ea1i <span class=\"math-inline\" data-math=\"\\mathbf{7PONG}\">7PONG<\/span> ch\u00ednh l\u00e0 l\u1ef1a ch\u1ecdn ho\u00e0n h\u1ea3o. S\u1ea3n ph\u1ea9m \u0111\u01b0\u1ee3c thi\u1ebft k\u1ebf \u0111\u1ed9c \u0111\u00e1o v\u1edbi <span class=\"math-inline\" data-math=\"\\mathbf{2}\">2<\/span>\u00a0\u0111\u1ea7u rung ho\u1ea1t \u0111\u1ed9ng \u0111\u1ed9c l\u1eadp, nh\u00e2n \u0111\u00f4i kho\u00e1i c\u1ea3m v\u00e0 s\u1ef1 h\u01b0ng ph\u1ea5n.<\/h4>\n<div style=\"width: 464px;\" class=\"wp-video\"><video class=\"wp-video-shortcode\" id=\"video-881-1\" width=\"464\" height=\"848\" preload=\"metadata\" controls=\"controls\"><source type=\"video\/mp4\" src=\"http:\/\/7pong.com\/wp-content\/uploads\/2025\/10\/TRUNG-RUNG-93.mp4?_=1\" \/><a href=\"http:\/\/7pong.com\/wp-content\/uploads\/2025\/10\/TRUNG-RUNG-93.mp4\">http:\/\/7pong.com\/wp-content\/uploads\/2025\/10\/TRUNG-RUNG-93.mp4<\/a><\/video><\/div>\n<p>S\u1ea3n ph\u1ea9m n\u1ed5i b\u1eadt v\u1edbi:<\/p>\n<ul>\n<li><b>Thi\u1ebft k\u1ebf k\u00edch th\u00edch k\u00e9p:<\/b> G\u1ed3m <b>1<\/b> tr\u1ee9ng nh\u1ecf kh\u00f4ng gai v\u00e0 <b>1<\/b> tr\u1ee9ng l\u1edbn c\u00f3 gai, gi\u00fap k\u00edch th\u00edch \u0111\u1ed3ng th\u1eddi nhi\u1ec1u khu v\u1ef1c nh\u1ea1y c\u1ea3m.<\/li>\n<li><b>\u0110\u1ed9ng c\u01a1 rung si\u00eau m\u1ea1nh:<\/b> Trang b\u1ecb <b>2<\/b> \u0111\u1ed9ng c\u01a1 m\u1ea1nh m\u1ebd, \u0111\u1ea3m b\u1ea3o kh\u1ea3 n\u0103ng truy\u1ec1n t\u1ea3i rung \u0111\u1ed9ng t\u1ed1i \u0111a.<\/li>\n<li><b>\u0110i\u1ec1u khi\u1ec3n linh ho\u1ea1t:<\/b> <b>2<\/b> n\u00fat \u0111i\u1ec1u khi\u1ec3n ri\u00eang bi\u1ec7t, cho ph\u00e9p ng\u01b0\u1eddi d\u00f9ng t\u00f9y \u00fd <b>t\u0103ng gi\u1ea3m \u0111\u1ed9 rung<\/b> nh\u1eb9 m\u1ea1nh cho t\u1eebng \u0111\u1ea7u tr\u1ee9ng m\u1ed9t c\u00e1ch \u0111\u1ed9c l\u1eadp v\u00e0 \u0111\u01a1n gi\u1ea3n theo s\u1edf th\u00edch.<\/li>\n<li><b>Ch\u1ea5t li\u1ec7u an to\u00e0n:<\/b> \u0110\u01b0\u1ee3c l\u00e0m t\u1eeb nh\u1ef1a <span class=\"math-inline\" data-math=\"\\mathbf{ABS}\">ABS<\/span>\u00a0an to\u00e0n cho c\u01a1 th\u1ec3.<\/li>\n<\/ul>\n<h2>Th\u00f4ng S\u1ed1 K\u1ef9 Thu\u1eadt Chi Ti\u1ebft C\u1ee7a Tr\u1ee9ng Rung T\u00ecnh Y\u00eau 2 \u0110\u1ea7u 1 \u0110\u1ea7u\u00a0Gai L\u1edbn<\/h2>\n<h3>K\u00edch Th\u01b0\u1edbc S\u1ea3n Ph\u1ea9m:<\/h3>\n<ul>\n<li>Tr\u1ee9ng nh\u1ecf kh\u00f4ng gai: D\u00e0i <span class=\"math-inline\" data-math=\"\\mathbf{5.4}\">5.4<\/span>\u00a0cm, R\u1ed9ng <span class=\"math-inline\" data-math=\"\\mathbf{2.4}\">2.4<\/span>\u00a0cm.<\/li>\n<li>Tr\u1ee9ng l\u1edbn c\u00f3 gai: D\u00e0i <span class=\"math-inline\" data-math=\"\\mathbf{13.7}\">13.7<\/span>\u00a0cm, R\u1ed9ng <span class=\"math-inline\" data-math=\"\\mathbf{3.4}\">3.4<\/span>cm.<\/li>\n<li>B\u1ed9 \u0111i\u1ec1u khi\u1ec3n c\u00f3 d\u00e2y: D\u00e0i <span class=\"math-inline\" data-math=\"\\mathbf{12.5}\">12.5<\/span>\u00a0cm, R\u1ed9ng <span class=\"math-inline\" data-math=\"\\mathbf{4.3}\">4.3<\/span>\u00a0cm.<\/li>\n<\/ul>\n<h3>Ngu\u1ed3n \u0110i\u1ec7n v\u00e0 \u0110\u00f3ng G\u00f3i:<\/h3>\n<ul>\n<li>Ngu\u1ed3n \u0111i\u1ec7n: S\u1eed d\u1ee5ng 2 vi\u00ean pin AA<span class=\"math-inline\" data-math=\"\\mathbf{AA}\">\u00a0(<\/span><span class=\"math-inline\" data-math=\"\\mathbf{LR6}, \\mathbf{1.5v}\">LR6, 1.5v)<\/span>.<\/li>\n<li><b>\u01afu \u0111\u00e3i \u0111\u1eb7c bi\u1ec7t:<\/b> T\u1eb7ng k\u00e8m pin khi mua s\u1ea3n ph\u1ea9m t\u1ea1i <span class=\"math-inline\" data-math=\"\\mathbf{7PONG}\">7PONG<\/span>\u00a0C\u1eeda H\u00e0ng \u0110\u1ed3 Ch\u01a1i T\u00ecnh Y\u00eau.<\/li>\n<li>\u0110\u00f3ng g\u00f3i: H\u1ed9p 1 c\u00e1i.<\/li>\n<\/ul>\n<h2>C\u00f4ng D\u1ee5ng C\u1ee7a Tr\u1ee9ng Rung T\u00ecnh Y\u00eau 2 \u0110\u1ea7u Nh\u1ef1a &#8211; 1 \u0110\u1ea7u Gai L\u1edbn<\/h2>\n<p><b>Tr\u1ee9ng Rung T\u00ecnh Y\u00eau 2 \u0110\u1ea7u Gai L\u1edbn<\/b> mang l\u1ea1i tr\u1ea3i nghi\u1ec7m \u0111a chi\u1ec1u v\u00e0 nhi\u1ec1u l\u1ee3i \u00edch:<\/p>\n<ul>\n<li><b>K\u00edch th\u00edch c\u00f9ng l\u00fac:<\/b> Kh\u1ea3 n\u0103ng k\u00edch th\u00edch \u0111\u1ed3ng th\u1eddi <span class=\"math-inline\" data-math=\"\\mathbf{2}\">2<\/span>\u00a0v\u00f9ng nh\u1ea1y c\u1ea3m (nh\u01b0 <span class=\"math-inline\" data-math=\"\\mathbf{G}\">G <\/span>spot b\u00ean trong v\u00e0 Clitoris b\u00ean ngo\u00e0i) nh\u1edd <span class=\"math-inline\" data-math=\"\\mathbf{2}\">2<\/span>\u00a0\u0111\u1ea7u rung ho\u1ea1t \u0111\u1ed9ng \u0111\u1ed9c l\u1eadp.<\/li>\n<li><b>T\u0103ng c\u01b0\u1eddng ma s\u00e1t v\u1edbi \u0111\u1ea7u gai:<\/b> Tr\u1ee9ng l\u1edbn c\u00f3 gai gi\u00fap t\u0103ng c\u01b0\u1eddng ma s\u00e1t v\u00e0 c\u1ea3m gi\u00e1c ch\u1ea1m s\u00e2u, mang l\u1ea1i kho\u00e1i c\u1ea3m m\u1edbi l\u1ea1 v\u00e0 m\u00e3nh li\u1ec7t h\u01a1n so v\u1edbi tr\u1ee9ng tr\u01a1n truy\u1ec1n th\u1ed1ng.<\/li>\n<li><b>Tr\u1ea3i nghi\u1ec7m \u0111\u00f4i (C\u1eb7p \u0111\u00f4i):<\/b> S\u1eed d\u1ee5ng trong c\u00e1c tr\u00f2 ch\u01a1i t\u00ecnh \u00e1i c\u00f9ng \u0111\u1ed1i t\u00e1c, t\u0103ng c\u01b0\u1eddng s\u1ef1 g\u1eafn k\u1ebft v\u00e0 kh\u00e1m ph\u00e1 nh\u1eefng gi\u1edbi h\u1ea1n m\u1edbi.<\/li>\n<li><b>\u0110i\u1ec1u khi\u1ec3n \u0111\u1ed9c l\u1eadp:<\/b> <span class=\"math-inline\" data-math=\"\\mathbf{2}\">2<\/span>\u00a0n\u00fat \u0111i\u1ec1u khi\u1ec3n gi\u00fap t\u00f9y ch\u1ec9nh c\u01b0\u1eddng \u0111\u1ed9 rung kh\u00e1c nhau cho m\u1ed7i \u0111\u1ea7u tr\u1ee9ng, t\u1ea1o ra s\u1ef1 k\u1ebft h\u1ee3p kho\u00e1i c\u1ea3m \u0111\u1ed9c \u0111\u00e1o.<\/li>\n<\/ul>\n<h2>C\u00e1ch S\u1eed D\u1ee5ng Tr\u1ee9ng Rung 2 \u0110\u1ea7u Nh\u1ef1a &#8211; 1 \u0110\u1ea7u Gai L\u1edbn \u0110\u00fang C\u00e1ch<\/h2>\n<p>\u0110\u1ec3 t\u1ed1i \u01b0u h\u00f3a tr\u1ea3i nghi\u1ec7m v\u00e0 \u0111\u1ed9 b\u1ec1n c\u1ee7a s\u1ea3n ph\u1ea9m:<\/p>\n<ol start=\"1\">\n<li><b>L\u1eafp \u0111\u1eb7t pin:<\/b> M\u1edf n\u1eafp b\u1ed9 \u0111i\u1ec1u khi\u1ec3n, l\u1eafp vi\u00ean pin (<span class=\"math-inline\" data-math=\"\\mathbf{AA}\">AA)<\/span>\u00a0v\u00e0o \u0111\u00fang c\u1ef1c<span class=\"math-inline\" data-math=\"\\mathbf{+}\">\u00a0+ <\/span>v\u00e0 <span class=\"math-inline\" data-math=\"\\mathbf{-}\">&#8211;<\/span><\/li>\n<li><b>V\u1ec7 sinh:<\/b> R\u1eeda s\u1ea1ch <span class=\"math-inline\" data-math=\"\\mathbf{2}\">2<\/span>\u00a0\u0111\u1ea7u tr\u1ee9ng b\u1eb1ng n\u01b0\u1edbc \u1ea5m v\u00e0 x\u00e0 ph\u00f2ng nh\u1eb9 ho\u1eb7c dung d\u1ecbch v\u1ec7 sinh chuy\u00ean d\u1ee5ng.<\/li>\n<li><b>B\u00f4i tr\u01a1n:<\/b> Lu\u00f4n s\u1eed d\u1ee5ng gel b\u00f4i tr\u01a1n g\u1ed1c n\u01b0\u1edbc \u0111\u1ec3 \u0111\u1ea3m b\u1ea3o an to\u00e0n v\u00e0 tho\u1ea3i m\u00e1i khi s\u1eed d\u1ee5ng, \u0111\u1eb7c bi\u1ec7t l\u00e0 v\u1edbi \u0111\u1ea7u tr\u1ee9ng c\u00f3 gai.<\/li>\n<li><b>S\u1eed d\u1ee5ng v\u00e0 \u0110i\u1ec1u khi\u1ec3n:<\/b> \u0110\u1eb7t <span class=\"math-inline\" data-math=\"\\mathbf{1}\">1<\/span> ho\u1eb7c c\u1ea3 2 \u0111\u1ea7u tr\u1ee9ng v\u00e0o v\u1ecb tr\u00ed mong mu\u1ed1n. S\u1eed d\u1ee5ng <span class=\"math-inline\" data-math=\"\\mathbf{2}\">2<\/span>\u00a0n\u00fat \u0111i\u1ec1u khi\u1ec3n ri\u00eang bi\u1ec7t \u0111\u1ec3 b\u1eadt v\u00e0 t\u00f9y ch\u1ec9nh c\u01b0\u1eddng \u0111\u1ed9 rung c\u1ee7a t\u1eebng \u0111\u1ea7u tr\u1ee9ng.<\/li>\n<li><b>B\u1ea3o qu\u1ea3n:<\/b> Sau khi d\u00f9ng, v\u1ec7 sinh s\u1ea1ch s\u1ebd 2 \u0111\u1ea7u tr\u1ee9ng, lau kh\u00f4 v\u00e0 b\u1ea3o qu\u1ea3n b\u1ed9 \u0111i\u1ec1u khi\u1ec3n pin \u1edf n\u01a1i kh\u00f4 r\u00e1o, tr\u00e1nh \u00e1nh n\u1eafng tr\u1ef1c ti\u1ebfp.<\/li>\n<\/ol>\n<h2>C\u00e1c C\u00e2u H\u1ecfi Th\u01b0\u1eddng G\u1eb7p V\u1ec1 Tr\u1ee9ng Rung 2 \u0110\u1ea7u Gai L\u1edbn<\/h2>\n<h3>Tr\u1ee9ng Rung 2 \u0111\u1ea7u c\u00f3 d\u00f9ng \u0111\u01b0\u1ee3c cho c\u1eb7p \u0111\u00f4i kh\u00f4ng?<\/h3>\n<ul>\n<li><b>Tr\u1ea3 l\u1eddi:<\/b> Ho\u00e0n to\u00e0n c\u00f3. S\u1ea3n ph\u1ea9m n\u00e0y l\u00fd t\u01b0\u1edfng cho c\u00e1c c\u1eb7p \u0111\u00f4i \u0111\u1ec3 k\u00edch th\u00edch b\u00ean ngo\u00e0i ho\u1eb7c k\u00edch th\u00edch c\u00f9ng l\u00fac <span class=\"math-inline\" data-math=\"\\mathbf{2}\">2<\/span>\u00a0v\u00f9ng nh\u1ea1y c\u1ea3m c\u1ee7a \u0111\u1ed1i t\u00e1c.<\/li>\n<\/ul>\n<h3>S\u1eed d\u1ee5ng \u0111\u1ea7u tr\u1ee9ng c\u00f3 gai c\u00f3 b\u1ecb \u0111au kh\u00f4ng?<\/h3>\n<ul>\n<li><b>Tr\u1ea3 l\u1eddi:<\/b>\u00a0 Ch\u1ee7 y\u1ebfu \u0111\u1ec3 t\u0103ng ma s\u00e1t v\u00e0 c\u1ea3m gi\u00e1c k\u00edch th\u00edch, kh\u00f4ng g\u00e2y \u0111au r\u00e1t n\u1ebfu b\u1ea1n s\u1eed d\u1ee5ng \u0111\u1ee7 gel b\u00f4i tr\u01a1n g\u1ed1c n\u01b0\u1edbc.<\/li>\n<\/ul>\n<h3>T\u1ea1i sao c\u1ea7n 2 n\u00fat \u0111i\u1ec1u khi\u1ec3n ri\u00eang bi\u1ec7t?<\/h3>\n<ul>\n<li><b>Tr\u1ea3 l\u1eddi:<\/b> <span class=\"math-inline\" data-math=\"\\mathbf{2}\">2<\/span>\u00a0n\u00fat \u0111i\u1ec1u khi\u1ec3n gi\u00fap b\u1ea1n t\u00f9y ch\u1ec9nh c\u01b0\u1eddng \u0111\u1ed9 rung kh\u00e1c nhau cho m\u1ed7i \u0111\u1ea7u tr\u1ee9ng (v\u00ed d\u1ee5: <span class=\"math-inline\" data-math=\"\\mathbf{1}\">1<\/span>\u00a0\u0111\u1ea7u rung nh\u1eb9, <span class=\"math-inline\" data-math=\"\\mathbf{1}\">1<\/span>\u00a0\u0111\u1ea7u rung m\u1ea1nh), t\u1ea1o ra s\u1ef1 \u0111a d\u1ea1ng c\u1ea3m x\u00fac trong c\u00f9ng m\u1ed9t l\u1ea7n s\u1eed d\u1ee5ng.<\/li>\n<\/ul>\n<h3>Pin AA th\u00f4ng th\u01b0\u1eddng c\u00f3 d\u00f9ng \u0111\u01b0\u1ee3c cho s\u1ea3n ph\u1ea9m kh\u00f4ng?<\/h3>\n<ul>\n<li><b>Tr\u1ea3 l\u1eddi:<\/b> S\u1ea3n ph\u1ea9m s\u1eed d\u1ee5ng pin <span class=\"math-inline\" data-math=\"\\mathbf{AA}\">AA<\/span> th\u00f4ng d\u1ee5ng. <span class=\"math-inline\" data-math=\"\\mathbf{7PONG}\">7PONG<\/span>\u00a0c\u00f2n t\u1eb7ng k\u00e8m pin \u0111\u1ec3 b\u1ea1n c\u00f3 th\u1ec3 s\u1eed d\u1ee5ng ngay l\u1eadp t\u1ee9c.<\/li>\n<\/ul>\n<h3>S\u1ea3n ph\u1ea9m c\u00f3 d\u1ec5 v\u1ec7 sinh kh\u00f4ng?<\/h3>\n<ul>\n<li><b>Tr\u1ea3 l\u1eddi:<\/b> <span class=\"math-inline\" data-math=\"\\mathbf{2}\">2<\/span>\u00a0\u0111\u1ea7u tr\u1ee9ng l\u00e0m b\u1eb1ng nh\u1ef1a ABS n\u00ean r\u1ea5t d\u1ec5 v\u1ec7 sinh v\u1edbi n\u01b0\u1edbc \u1ea5m v\u00e0 x\u00e0 ph\u00f2ng. <b>L\u01b0u \u00fd: B\u1ed9 \u0111i\u1ec1u khi\u1ec3n kh\u00f4ng ch\u1ed1ng n\u01b0\u1edbc, n\u00ean tr\u00e1nh \u0111\u1ec3 d\u00ednh n\u01b0\u1edbc.<\/b><\/li>\n<\/ul>\n<h3>Mua Tr\u1ee9ng Rung T\u00ecnh Y\u00eau 2 \u0111\u1ea7u nh\u1ef1a &#8211; 1 \u0111\u1ea7u gai l\u1edbn T\u1ea1i 7PONG C\u1eeda H\u00e0ng \u0110\u1ed3 Ch\u01a1i T\u00ecnh Y\u00eau c\u00f3 \u0111\u01b0\u1ee3c b\u1ea3o h\u00e0nh kh\u00f4ng?<\/h3>\n<ul>\n<li><b>Tr\u1ea3 l\u1eddi:<\/b> Khi mua s\u1ea3n ph\u1ea9m <b>Tr\u1ee9ng Rung T\u00ecnh Y\u00eau 2 \u0111\u1ea7u nh\u1ef1a &#8211; 1 \u0111\u1ea7u gai l\u1edbn<\/b> t\u1ea1i c\u1eeda h\u00e0ng \u0111\u1ed3 ch\u01a1i <span class=\"math-inline\" data-math=\"\\mathbf{7PONG}\">7PONG<\/span>\u00a0shop s\u1ebd h\u1ed7 tr\u1ee3 s\u1eeda ch\u1eefa trong <span class=\"math-inline\" data-math=\"\\mathbf{1}\">1<\/span>\u00a0tu\u1ea7n t\u00ednh t\u1eeb ng\u00e0y mua s\u1ea3n ph\u1ea9m. V\u00ec \u0111\u00e2y l\u00e0 h\u00e0ng c\u00e1 nh\u00e2n s\u1eed d\u1ee5ng ri\u00eang c\u1ee7a m\u1ed7i ng\u01b0\u1eddi n\u00ean shop kh\u00f4ng h\u1ed7 tr\u1ee3 b\u1ea3o h\u00e0nh \u0111\u1ed5i tr\u1ea3, mong qu\u00fd kh\u00e1ch th\u00f4ng c\u1ea3m.<\/li>\n<\/ul>\n<h2>Ng\u01b0\u1eddi D\u00f9ng \u0110\u00e1nh Gi\u00e1 Nh\u01b0 Th\u1ebf N\u00e0o V\u1ec1 Tr\u1ee9ng Rung 2 \u0110\u1ea7u Gai L\u1edbn?<\/h2>\n<h3>C\u00e1c \u0110\u00e1nh Gi\u00e1 N\u1ed5i B\u1eadt:<\/h3>\n<ul>\n<li><b>&#8220;C\u1ea3m gi\u00e1c k\u00edch th\u00edch k\u00e9p r\u1ea5t tuy\u1ec7t v\u1eddi!<\/b> \u0110\u1eb7c bi\u1ec7t l\u00e0 \u0111\u1ea7u tr\u1ee9ng c\u00f3 gai, n\u00f3 mang l\u1ea1i s\u1ef1 c\u1ecd x\u00e1t m\u1edbi l\u1ea1 v\u00e0 th\u00fa v\u1ecb. <span class=\"math-inline\" data-math=\"\\mathbf{2}\">2<\/span>\u00a0n\u00fat \u0111i\u1ec1u khi\u1ec3n \u0111\u1ed9c l\u1eadp l\u00e0 m\u1ed9t \u0111i\u1ec3m c\u1ed9ng l\u1edbn.&#8221; &#8211; <span class=\"math-inline\" data-math=\"\\mathbf{Linh\\ A.,\\ H\u00e0\\ N\u1ed9i}\">Linh A., H\u00e0 N\u1ed9i<\/span><\/li>\n<li>&#8220;M\u00ecnh mua v\u1ec1 d\u00f9ng c\u00f9ng ng\u01b0\u1eddi y\u00eau. Vi\u1ec7c \u0111i\u1ec1u khi\u1ec3n ri\u00eang bi\u1ec7t gi\u00fap m\u00ecnh d\u1ec5 d\u00e0ng t\u00f9y ch\u1ec9nh cho c\u00f4 \u1ea5y. <b>\u0110\u1ed9ng c\u01a1 rung r\u1ea5t m\u1ea1nh<\/b> v\u00e0 \u1ed5n \u0111\u1ecbnh. S\u1ea3n ph\u1ea9m \u0111\u00e1ng ti\u1ec1n!&#8221; &#8211; <span class=\"math-inline\" data-math=\"\\mathbf{Ho\u00e0ng\\ T.,\\ H\u1ea3i\\ Ph\u00f2ng}\">Ho\u00e0ng T., H\u1ea3i Ph\u00f2ng<\/span><\/li>\n<li>&#8220;Gi\u00e1 t\u1ed1t m\u00e0 \u0111\u01b0\u1ee3c <span class=\"math-inline\" data-math=\"\\mathbf{2}\">2<\/span>\u00a0\u0111\u1ea7u, l\u1ea1i c\u00f2n c\u00f3 gai n\u1eefa. <b>C\u1ea3m gi\u00e1c th\u0103ng hoa nh\u00e2n \u0111\u00f4i!<\/b> D\u1ecbch v\u1ee5 giao h\u00e0ng <span class=\"math-inline\" data-math=\"\\mathbf{7PONG}\">7PONG<\/span>\u00a0c\u0169ng k\u00edn \u0111\u00e1o v\u00e0 nhanh ch\u00f3ng.&#8221; &#8211; <span class=\"math-inline\" data-math=\"\\mathbf{M\u1ef9\\ D.,\\ \u0110\u1ed3ng\\ Nai}\">M\u1ef9 D., \u0110\u1ed3ng Nai<\/span><\/li>\n<li>&#8220;M\u00ecnh r\u1ea5t th\u00edch s\u1ef1 linh ho\u1ea1t c\u1ee7a <span class=\"math-inline\" data-math=\"\\mathbf{2}\">2<\/span>\u00a0\u0111\u1ea7u rung. \u0110\u00f4i khi ch\u1ec9 d\u00f9ng \u0111\u1ea7u nh\u1ecf, \u0111\u00f4i khi d\u00f9ng c\u1ea3 <span class=\"math-inline\" data-math=\"\\mathbf{2}\">2<\/span>. <b>R\u1ea5t d\u1ec5 l\u00e0m quen v\u00e0 \u0111\u1ea1t \u0111\u1ec9nh<\/b>.&#8221; &#8211; <span class=\"math-inline\" data-math=\"\\mathbf{Kim\\ H.,\\ TP.HCM}\">Kim H., TP.HCM<\/span><\/li>\n<\/ul>\n<h2>Mua H\u00e0ng T\u1ea1i 7PONG C\u1eeda H\u00e0ng \u0110\u1ed3 Ch\u01a1i T\u00ecnh Y\u00eau<\/h2>\n<p>\u0110\u1ec3 mua h\u00e0ng ho\u1eb7c c\u1ea7n t\u01b0 v\u1ea5n th\u00eam v\u1ec1 s\u1ea3n ph\u1ea9m, qu\u00fd kh\u00e1ch vui l\u00f2ng li\u00ean h\u1ec7 v\u1edbi <span class=\"math-inline\" data-math=\"\\mathbf{7PONG}\">7PONG<\/span>\u00a0qua:<\/p>\n<ul>\n<li><b>S\u1ed1 \u0111i\u1ec7n tho\u1ea1i\/Zalo:<\/b> <span class=\"math-inline\" data-math=\"\\mathbf{0879\\ 631\\ 826}\">0879 631 826<\/span><\/li>\n<li><b>Ch\u00ednh s\u00e1ch giao h\u00e0ng:<\/b> B\u00e1n online, giao h\u00e0ng to\u00e0n qu\u1ed1c kh\u1eafp m\u1ecdi mi\u1ec1n \u0111\u1ea5t n\u01b0\u1edbc.<\/li>\n<li><b>B\u1ea3o m\u1eadt tuy\u1ec7t \u0111\u1ed1i:<\/b> Giao h\u00e0ng k\u00edn \u0111\u00e1o t\u1eadn n\u01a1i to\u00e0n qu\u1ed1c, b\u1ea3o m\u1eadt th\u00f4ng tin kh\u00e1ch h\u00e0ng, <b>kh\u00f4ng ghi t\u00ean h\u00e0ng nh\u1ea1y c\u1ea3m<\/b> tr\u00ean ki\u1ec7n h\u00e0ng.<\/li>\n<\/ul>\n<p>\u0110\u1eb7t h\u00e0ng ngay h\u00f4m nay \u0111\u1ec3 tr\u1ea3i nghi\u1ec7m s\u1ef1 th\u0103ng hoa g\u1ea5p \u0111\u00f4i c\u00f9ng <b>Tr\u1ee9ng Rung T\u00ecnh Y\u00eau 2 \u0110\u1ea7u Nh\u1ef1a &#8211; 1 \u0110\u1ea7u Gai L\u1edbn \u0110i\u1ec1u Khi\u1ec3n Ri\u00eang Bi\u1ec7t<\/b>!<\/p>\n<figure id=\"attachment_883\" aria-describedby=\"caption-attachment-883\" style=\"width: 800px\" class=\"wp-caption alignnone\"><img loading=\"lazy\" decoding=\"async\" class=\"size-full wp-image-883\" src=\"http:\/\/7pong.com\/wp-content\/uploads\/2025\/10\/Trung-Rung-Tinh-Yeu-2-Dau-Nhua-1-Dau-Gai-Lon-_-7PONG-MSP03-_-Cua-Hang-Do-Choi-Tinh-Yeu.jpg\" alt=\"Tr\u1ee9ng Rung T\u00ecnh Y\u00eau 2 \u0110\u1ea7u Nh\u1ef1a - 1 \u0110\u1ea7u Gai L\u1edbn _ 7PONG MSP03 _ C\u1eeda H\u00e0ng \u0110\u1ed3 Ch\u01a1i T\u00ecnh Y\u00eau\" width=\"800\" height=\"800\" \/><figcaption id=\"caption-attachment-883\" class=\"wp-caption-text\">Tr\u1ee9ng Rung T\u00ecnh Y\u00eau 2 \u0110\u1ea7u Nh\u1ef1a &#8211; 1 \u0110\u1ea7u Gai L\u1edbn _ 7PONG MSP03 _ C\u1eeda H\u00e0ng \u0110\u1ed3 Ch\u01a1i T\u00ecnh Y\u00eau<\/figcaption><\/figure>\n<figure id=\"attachment_884\" aria-describedby=\"caption-attachment-884\" style=\"width: 800px\" class=\"wp-caption alignnone\"><img loading=\"lazy\" decoding=\"async\" class=\"size-full wp-image-884\" src=\"http:\/\/7pong.com\/wp-content\/uploads\/2025\/10\/Trung-Rung-Tinh-Yeu-2-Dau-Nhua-1-Dau-Gai-Lon-_-7PONG-MSP03-_-Cua-Hang-Do-Choi-Tinh-Yeu-1.jpg\" alt=\"Tr\u1ee9ng Rung T\u00ecnh Y\u00eau 2 \u0110\u1ea7u Nh\u1ef1a - 1 \u0110\u1ea7u Gai L\u1edbn _ 7PONG MSP03 _ C\u1eeda H\u00e0ng \u0110\u1ed3 Ch\u01a1i T\u00ecnh Y\u00eau\" width=\"800\" height=\"800\" \/><figcaption id=\"caption-attachment-884\" class=\"wp-caption-text\">Tr\u1ee9ng Rung T\u00ecnh Y\u00eau 2 \u0110\u1ea7u Nh\u1ef1a &#8211; 1 \u0110\u1ea7u Gai L\u1edbn _ 7PONG MSP03 _ C\u1eeda H\u00e0ng \u0110\u1ed3 Ch\u01a1i T\u00ecnh Y\u00eau<\/figcaption><\/figure>\n<figure id=\"attachment_885\" aria-describedby=\"caption-attachment-885\" style=\"width: 800px\" class=\"wp-caption alignnone\"><img loading=\"lazy\" decoding=\"async\" class=\"size-full wp-image-885\" src=\"http:\/\/7pong.com\/wp-content\/uploads\/2025\/10\/Trung-Rung-Tinh-Yeu-2-Dau-Nhua-1-Dau-Gai-Lon-_-7PONG-MSP03-_-Cua-Hang-Do-Choi-Tinh-Yeu-2.jpg\" alt=\"Tr\u1ee9ng Rung T\u00ecnh Y\u00eau 2 \u0110\u1ea7u Nh\u1ef1a - 1 \u0110\u1ea7u Gai L\u1edbn _ 7PONG MSP03 _ C\u1eeda H\u00e0ng \u0110\u1ed3 Ch\u01a1i T\u00ecnh Y\u00eau\" width=\"800\" height=\"800\" \/><figcaption id=\"caption-attachment-885\" class=\"wp-caption-text\">Tr\u1ee9ng Rung T\u00ecnh Y\u00eau 2 \u0110\u1ea7u Nh\u1ef1a &#8211; 1 \u0110\u1ea7u Gai L\u1edbn _ 7PONG MSP03 _ C\u1eeda H\u00e0ng \u0110\u1ed3 Ch\u01a1i T\u00ecnh Y\u00eau<\/figcaption><\/figure>\n<figure id=\"attachment_886\" aria-describedby=\"caption-attachment-886\" style=\"width: 800px\" class=\"wp-caption alignnone\"><img loading=\"lazy\" decoding=\"async\" class=\"size-full wp-image-886\" src=\"http:\/\/7pong.com\/wp-content\/uploads\/2025\/10\/Trung-Rung-Tinh-Yeu-2-Dau-Nhua-1-Dau-Gai-Lon-_-7PONG-MSP03-_-Cua-Hang-Do-Choi-Tinh-Yeu-3.jpg\" alt=\"Tr\u1ee9ng Rung T\u00ecnh Y\u00eau 2 \u0110\u1ea7u Nh\u1ef1a - 1 \u0110\u1ea7u Gai L\u1edbn _ 7PONG MSP03 _ C\u1eeda H\u00e0ng \u0110\u1ed3 Ch\u01a1i T\u00ecnh Y\u00eau\" width=\"800\" height=\"800\" \/><figcaption id=\"caption-attachment-886\" class=\"wp-caption-text\">Tr\u1ee9ng Rung T\u00ecnh Y\u00eau 2 \u0110\u1ea7u Nh\u1ef1a &#8211; 1 \u0110\u1ea7u Gai L\u1edbn _ 7PONG MSP03 _ C\u1eeda H\u00e0ng \u0110\u1ed3 Ch\u01a1i T\u00ecnh Y\u00eau<\/figcaption><\/figure>\n<p>&nbsp;<\/p>\n<h1>T\u1eeb Kh\u00f3a s\u1ea3n ph\u1ea9m:<\/h1>\n<ul>\n<li>Tr\u1ee9ng Rung T\u00ecnh Y\u00eau 2 \u0111\u1ea7u nh\u1ef1a gai l\u1edbn<\/li>\n<li>Tr\u1ee9ng rung c\u00f3 gai<\/li>\n<li>Tr\u1ee9ng rung \u0111i\u1ec1u khi\u1ec3n ri\u00eang<\/li>\n<li>\u0110\u1ed3 ch\u01a1i t\u00ecnh y\u00eau 7PONG<\/li>\n<li>Vibrating double egg<\/li>\n<li>Tr\u1ee9ng rung si\u00eau m\u1ea1nh.<\/li>\n<li>Tr\u1ee9ng rung t\u00ecnh y\u00eau gai<\/li>\n<li>Tr\u1ee9ng rung 2 \u0111\u1ea7u gai<\/li>\n<li>tr\u1ee9ng rung tinh y\u00eau 2 \u0111\u1ea7u<\/li>\n<\/ul>\n","protected":false},"excerpt":{"rendered":"<p>Gi\u1edbi Thi\u1ec7u Chung V\u1ec1 Tr\u1ee9ng Rung T\u00ecnh Y\u00eau 2 \u0110\u1ea7u \u0110i\u1ec1u Khi\u1ec3n Ri\u00eang Bi\u1ec7t N\u1ebfu b\u1ea1n \u0111ang t\u00ecm ki\u1ebfm m\u1ed9t d\u1ee5ng c\u1ee5 t\u00ecnh y\u00eau mang l\u1ea1i s\u1ef1 k\u00edch th\u00edch k\u00e9p v\u00e0 \u0111a d\u1ea1ng h\u00f3a tr\u1ea3i nghi\u1ec7m, Tr\u1ee9ng Rung T\u00ecnh Y\u00eau 2 \u0111\u1ea7u nh\u1ef1a &#8211; 1 \u0111\u1ea7u gai l\u1edbn \u0111i\u1ec1u khi\u1ec3n ri\u00eang bi\u1ec7t t\u1ea1i 7PONG ch\u00ednh&#8230;<\/p>\n","protected":false},"featured_media":883,"comment_status":"open","ping_status":"closed","template":"","meta":[],"product_brand":[],"product_cat":[39,30],"product_tag":[],"class_list":{"0":"post-881","1":"product","2":"type-product","3":"status-publish","4":"has-post-thumbnail","6":"product_cat-do-choi-nguoi-lon-cho-nu","7":"product_cat-trung-rung-may-massage","9":"first","10":"instock","11":"shipping-taxable","12":"product-type-simple"},"_links":{"self":[{"href":"http:\/\/7pong.com\/vi\/wp-json\/wp\/v2\/product\/881","targetHints":{"allow":["GET"]}}],"collection":[{"href":"http:\/\/7pong.com\/vi\/wp-json\/wp\/v2\/product"}],"about":[{"href":"http:\/\/7pong.com\/vi\/wp-json\/wp\/v2\/types\/product"}],"replies":[{"embeddable":true,"href":"http:\/\/7pong.com\/vi\/wp-json\/wp\/v2\/comments?post=881"}],"wp:featuredmedia":[{"embeddable":true,"href":"http:\/\/7pong.com\/vi\/wp-json\/wp\/v2\/media\/883"}],"wp:attachment":[{"href":"http:\/\/7pong.com\/vi\/wp-json\/wp\/v2\/media?parent=881"}],"wp:term":[{"taxonomy":"product_brand","embeddable":true,"href":"http:\/\/7pong.com\/vi\/wp-json\/wp\/v2\/product_brand?post=881"},{"taxonomy":"product_cat","embeddable":true,"href":"http:\/\/7pong.com\/vi\/wp-json\/wp\/v2\/product_cat?post=881"},{"taxonomy":"product_tag","embeddable":true,"href":"http:\/\/7pong.com\/vi\/wp-json\/wp\/v2\/product_tag?post=881"}],"curies":[{"name":"wp","href":"https:\/\/api.w.org\/{rel}","templated":true}]}}