{"id":865,"date":"2025-10-13T15:45:54","date_gmt":"2025-10-13T08:45:54","guid":{"rendered":"https:\/\/7pong.com\/?post_type=product&#038;p=865"},"modified":"2026-03-29T18:29:38","modified_gmt":"2026-03-29T11:29:38","slug":"trung-rung-tinh-yeu-1-dau-inox-rung-sieu-manh-7pong-msp02-cua-hang-do-choi-tinh-yeu","status":"publish","type":"product","link":"http:\/\/7pong.com\/vi\/san-pham\/trung-rung-tinh-yeu-1-dau-inox-rung-sieu-manh-7pong-msp02-cua-hang-do-choi-tinh-yeu","title":{"rendered":"Tr\u1ee9ng Rung T\u00ecnh Y\u00eau 1 \u0110\u1ea7u Inox Rung Si\u00eau M\u1ea1nh | 7PONG MSP02 | C\u1eeda H\u00e0ng \u0110\u1ed3 Ch\u01a1i T\u00ecnh Y\u00eau"},"content":{"rendered":"<h1 data-start=\"229\" data-end=\"316\"><strong data-start=\"231\" data-end=\"316\">Tr\u1ee9ng Rung T\u00ecnh Y\u00eau 1 \u0110\u1ea7u Inox Rung Si\u00eau M\u1ea1nh T\u1ea1i 7PONG C\u1eeda H\u00e0ng \u0110\u1ed3 Ch\u01a1i T\u00ecnh Y\u00eau<\/strong><\/h1>\n<p><center><div style=\"width: 1020px;\" class=\"wp-video\"><video class=\"wp-video-shortcode\" id=\"video-865-1\" width=\"1020\" height=\"574\" preload=\"metadata\" controls=\"controls\"><source type=\"video\/mp4\" src=\"http:\/\/7pong.com\/wp-content\/uploads\/2025\/10\/Trung-rung-1-dau-7-pong.mp4?_=1\" \/><a href=\"http:\/\/7pong.com\/wp-content\/uploads\/2025\/10\/Trung-rung-1-dau-7-pong.mp4\">http:\/\/7pong.com\/wp-content\/uploads\/2025\/10\/Trung-rung-1-dau-7-pong.mp4<\/a><\/video><\/div>\n<p>&nbsp;<\/p>\n<p>&nbsp;<\/p>\n<p><\/center><\/p>\n<h2 data-start=\"318\" data-end=\"383\"><strong data-start=\"321\" data-end=\"381\">Gi\u1edbi Thi\u1ec7u Tr\u1ee9ng Rung T\u00ecnh Y\u00eau 1 \u0110\u1ea7u Inox Rung Si\u00eau M\u1ea1nh<\/strong><\/h2>\n<p data-start=\"384\" data-end=\"862\"><strong data-start=\"384\" data-end=\"418\">Tr\u1ee9ng Rung T\u00ecnh Y\u00eau 1 \u0110\u1ea7u Inox<\/strong> l\u00e0 d\u00f2ng s\u1ea3n ph\u1ea9m \u0111\u1ed3 ch\u01a1i t\u00ecnh d\u1ee5c mini cao c\u1ea5p, thi\u1ebft k\u1ebf nh\u1ecf g\u1ecdn, tinh t\u1ebf, mang l\u1ea1i <strong data-start=\"503\" data-end=\"554\">c\u1ea3m gi\u00e1c rung c\u1ef1c m\u1ea1nh v\u00e0 kho\u00e1i c\u1ea3m nhanh ch\u00f3ng<\/strong> cho ng\u01b0\u1eddi d\u00f9ng.<br data-start=\"570\" data-end=\"573\" \/>S\u1ea3n ph\u1ea9m s\u1edf h\u1eefu <strong data-start=\"589\" data-end=\"615\">\u0111\u1ed9ng c\u01a1 rung si\u00eau m\u1ea1nh<\/strong>, \u0111i\u1ec1u khi\u1ec3n b\u1eb1ng <strong data-start=\"633\" data-end=\"689\">1 n\u00fat xoay t\u0103ng gi\u1ea3m \u0111\u1ed9 rung nh\u1eb9 \u2013 m\u1ea1nh t\u00f9y s\u1edf th\u00edch<\/strong>, c\u1ef1c k\u1ef3 d\u1ec5 s\u1eed d\u1ee5ng cho c\u1ea3 nam v\u00e0 n\u1eef.<br data-start=\"726\" data-end=\"729\" \/>V\u1edbi <strong data-start=\"733\" data-end=\"751\">\u0111\u1ea7u tr\u1ee9ng inox<\/strong> b\u00f3ng m\u01b0\u1ee3t, c\u1ea3m gi\u00e1c m\u00e1t l\u1ea1nh k\u00edch th\u00edch m\u1ea1nh m\u1ebd, gi\u00fap t\u0103ng \u0111\u1ed9 h\u01b0ng ph\u1ea5n v\u00e0 l\u00e0m m\u1edbi tr\u1ea3i nghi\u1ec7m y\u00eau m\u1ed7i ng\u00e0y.<\/p>\n<h2 data-start=\"869\" data-end=\"926\"><strong data-start=\"872\" data-end=\"924\">Th\u00f4ng S\u1ed1 K\u1ef9 Thu\u1eadt Tr\u1ee9ng Rung T\u00ecnh Y\u00eau 1 \u0110\u1ea7u Inox<\/strong><\/h2>\n<ul data-start=\"927\" data-end=\"1236\">\n<li data-start=\"927\" data-end=\"972\">\n<p data-start=\"929\" data-end=\"972\"><strong data-start=\"929\" data-end=\"947\">\u0110\u1ea7u tr\u1ee9ng inox<\/strong>: d\u00e0i 5.8cm, r\u1ed9ng 2.5cm<\/p>\n<\/li>\n<li data-start=\"1019\" data-end=\"1071\">\n<p data-start=\"1021\" data-end=\"1071\"><strong data-start=\"1021\" data-end=\"1045\">B\u1ed9 \u0111i\u1ec1u khi\u1ec3n c\u00f3 d\u00e2y<\/strong>: d\u00e0i 10.5cm, r\u1ed9ng 3.5cm<\/p>\n<\/li>\n<li data-start=\"1072\" data-end=\"1196\">\n<p data-start=\"1074\" data-end=\"1196\"><strong data-start=\"1074\" data-end=\"1088\">Ngu\u1ed3n \u0111i\u1ec7n<\/strong>: 2 vi\u00ean pin AA (LR6, 1.5v)<br data-start=\"1115\" data-end=\"1118\" \/><em data-start=\"1123\" data-end=\"1194\">T\u1eb7ng k\u00e8m pin khi mua s\u1ea3n ph\u1ea9m t\u1ea1i <strong data-start=\"1158\" data-end=\"1193\">7PONG C\u1eeda H\u00e0ng \u0110\u1ed3 Ch\u01a1i T\u00ecnh Y\u00eau<\/strong><\/em><\/p>\n<\/li>\n<li data-start=\"1197\" data-end=\"1236\">\n<p data-start=\"1199\" data-end=\"1236\"><strong data-start=\"1199\" data-end=\"1211\">\u0110\u00f3ng g\u00f3i<\/strong>: h\u1ed9p 1 s\u1ea3n ph\u1ea9m \u0111\u1ea7y \u0111\u1ee7<\/p>\n<\/li>\n<\/ul>\n<h2 data-start=\"1243\" data-end=\"1296\"><strong data-start=\"1246\" data-end=\"1294\">C\u00f4ng D\u1ee5ng C\u1ee7a Tr\u1ee9ng Rung T\u00ecnh Y\u00eau 1 \u0110\u1ea7u Inox<\/strong><\/h2>\n<ul data-start=\"1298\" data-end=\"1929\">\n<li data-start=\"1298\" data-end=\"1421\">\n<p data-start=\"1300\" data-end=\"1421\"><strong data-start=\"1300\" data-end=\"1336\">K\u00edch th\u00edch kho\u00e1i c\u1ea3m nhanh ch\u00f3ng<\/strong>: \u0110\u1ea7u inox truy\u1ec1n rung m\u1ea1nh, t\u1ea1o c\u1ea3m gi\u00e1c t\u00ea bu\u1ed1t k\u00edch th\u00edch v\u00f9ng nh\u1ea1y c\u1ea3m c\u1ef1c t\u1ed1t.<\/p>\n<\/li>\n<li data-start=\"1422\" data-end=\"1569\">\n<p data-start=\"1424\" data-end=\"1569\"><strong data-start=\"1424\" data-end=\"1465\">T\u0103ng c\u1ea3m gi\u00e1c sung s\u01b0\u1edbng v\u00e0 h\u01b0ng ph\u1ea5n<\/strong>: \u0110\u1ed9ng c\u01a1 m\u1ea1nh m\u1ebd gi\u00fap n\u1eef gi\u1edbi d\u1ec5 \u0111\u1ea1t c\u1ef1c kho\u00e1i, \u0111\u1ed3ng th\u1eddi t\u1ea1o c\u1ea3m gi\u00e1c m\u1edbi l\u1ea1 khi d\u00f9ng c\u00f9ng b\u1ea1n t\u00ecnh.<\/p>\n<\/li>\n<li data-start=\"1570\" data-end=\"1686\">\n<p data-start=\"1572\" data-end=\"1686\"><strong data-start=\"1572\" data-end=\"1591\">Th\u01b0 gi\u00e3n c\u01a1 th\u1ec3<\/strong>: Ngo\u00e0i t\u00e1c d\u1ee5ng k\u00edch th\u00edch, c\u00f3 th\u1ec3 d\u00f9ng nh\u01b0 m\u00e1y massage mini gi\u00fap th\u01b0 gi\u00e3n, gi\u1ea3m c\u0103ng th\u1eb3ng.<\/p>\n<\/li>\n<li data-start=\"1687\" data-end=\"1800\">\n<p data-start=\"1689\" data-end=\"1800\"><strong data-start=\"1689\" data-end=\"1731\">K\u00edch th\u00edch \u0111i\u1ec3m G ho\u1eb7c \u0111\u1ea7u ti hi\u1ec7u qu\u1ea3<\/strong>: Ph\u00f9 h\u1ee3p cho c\u00e1c c\u1eb7p \u0111\u00f4i mu\u1ed1n tr\u1ea3i nghi\u1ec7m c\u1ea3m gi\u00e1c m\u1edbi m\u1ebb, th\u00fa v\u1ecb.<\/p>\n<\/li>\n<li data-start=\"1801\" data-end=\"1929\">\n<p data-start=\"1803\" data-end=\"1929\"><strong data-start=\"1803\" data-end=\"1838\">D\u1ec5 s\u1eed d\u1ee5ng \u2013 nh\u1ecf g\u1ecdn \u2013 ti\u1ec7n l\u1ee3i<\/strong>: C\u1eafm pin, b\u1eadt n\u00fat \u0111i\u1ec1u ch\u1ec9nh, b\u1ea1n \u0111\u00e3 s\u1eb5n s\u00e0ng t\u1eadn h\u01b0\u1edfng c\u1ea3m gi\u00e1c tuy\u1ec7t v\u1eddi \u1edf b\u1ea5t c\u1ee9 \u0111\u00e2u.<\/p>\n<\/li>\n<\/ul>\n<h2 data-start=\"1936\" data-end=\"2011\"><strong data-start=\"1939\" data-end=\"2011\">C\u00e1ch S\u1eed D\u1ee5ng Tr\u1ee9ng Rung T\u00ecnh Y\u00eau 1 \u0110\u1ea7u Inox Rung Si\u00eau M\u1ea1nh \u0110\u00fang C\u00e1ch<\/strong><\/h2>\n<ol data-start=\"2013\" data-end=\"2381\">\n<li data-start=\"2013\" data-end=\"2082\">\n<p data-start=\"2016\" data-end=\"2082\">L\u1eafp <strong data-start=\"2020\" data-end=\"2037\">2 vi\u00ean pin AA<\/strong> v\u00e0o b\u1ed9 \u0111i\u1ec1u khi\u1ec3n theo \u0111\u00fang chi\u1ec1u (+) (-).<\/p>\n<\/li>\n<li data-start=\"2083\" data-end=\"2126\">\n<p data-start=\"2086\" data-end=\"2126\">K\u1ebft n\u1ed1i tr\u1ee9ng rung v\u1edbi d\u00e2y \u0111i\u1ec1u khi\u1ec3n.<\/p>\n<\/li>\n<li data-start=\"2127\" data-end=\"2199\">\n<p data-start=\"2130\" data-end=\"2199\"><strong data-start=\"2130\" data-end=\"2153\">Xoay n\u00fat \u0111i\u1ec1u ch\u1ec9nh<\/strong> \u0111\u1ec3 b\u1eadt v\u00e0 t\u0103ng\/gi\u1ea3m \u0111\u1ed9 rung theo mong mu\u1ed1n.<\/p>\n<\/li>\n<li data-start=\"2200\" data-end=\"2302\">\n<p data-start=\"2203\" data-end=\"2302\">V\u1ec7 sinh s\u1ea1ch tr\u1ee9ng rung tr\u01b0\u1edbc v\u00e0 sau khi s\u1eed d\u1ee5ng b\u1eb1ng dung d\u1ecbch v\u1ec7 sinh chuy\u00ean d\u1ee5ng ho\u1eb7c kh\u0103n \u1ea9m.<\/p>\n<\/li>\n<li data-start=\"2303\" data-end=\"2381\">\n<p data-start=\"2306\" data-end=\"2381\">B\u1ea3o qu\u1ea3n n\u01a1i kh\u00f4 r\u00e1o, tho\u00e1ng m\u00e1t, tr\u00e1nh \u00e1nh n\u1eafng tr\u1ef1c ti\u1ebfp v\u00e0 n\u01a1i \u1ea9m \u01b0\u1edbt.<\/p>\n<\/li>\n<\/ol>\n<h2 data-start=\"2388\" data-end=\"2458\"><strong data-start=\"2391\" data-end=\"2456\">C\u00e1c C\u00e2u H\u1ecfi Th\u01b0\u1eddng G\u1eb7p Khi Mua Tr\u1ee9ng Rung T\u00ecnh Y\u00eau 1 \u0110\u1ea7u Inox<\/strong><\/h2>\n<h3 data-start=\"2460\" data-end=\"2524\"><strong data-start=\"2464\" data-end=\"2522\">1. Tr\u1ee9ng Rung T\u00ecnh Y\u00eau 1 \u0110\u1ea7u Inox c\u00f3 d\u1ec5 s\u1eed d\u1ee5ng kh\u00f4ng?<\/strong><\/h3>\n<p data-start=\"2525\" data-end=\"2619\">C\u00f3, ch\u1ec9 v\u1edbi m\u1ed9t n\u00fat \u0111i\u1ec1u khi\u1ec3n xoay, b\u1ea1n c\u00f3 th\u1ec3 t\u00f9y ch\u1ec9nh \u0111\u1ed9 rung nh\u1eb9 \u0111\u1ebfn m\u1ea1nh theo \u00fd th\u00edch.<\/p>\n<h3 data-start=\"2621\" data-end=\"2665\"><strong data-start=\"2625\" data-end=\"2663\">2. S\u1ea3n ph\u1ea9m c\u00f3 d\u00f9ng pin s\u1ea1c kh\u00f4ng?<\/strong><\/h3>\n<p data-start=\"2666\" data-end=\"2767\">Kh\u00f4ng, s\u1ea3n ph\u1ea9m s\u1eed d\u1ee5ng <strong data-start=\"2690\" data-end=\"2707\">2 vi\u00ean pin AA<\/strong>, d\u1ec5 thay th\u1ebf v\u00e0 \u0111\u01b0\u1ee3c t\u1eb7ng k\u00e8m khi mua h\u00e0ng t\u1ea1i <strong data-start=\"2755\" data-end=\"2764\">7PONG<\/strong>.<\/p>\n<h3 data-start=\"2769\" data-end=\"2809\"><strong data-start=\"2773\" data-end=\"2807\">3. Tr\u1ee9ng rung c\u00f3 g\u00e2y \u1ed3n kh\u00f4ng?<\/strong><\/h3>\n<p data-start=\"2810\" data-end=\"2898\">\u0110\u1ed9 \u1ed3n c\u1ee7a s\u1ea3n ph\u1ea9m kh\u00e1 th\u1ea5p \u1edf m\u1ee9c rung v\u1eeba ph\u1ea3i, \u0111\u1ea3m b\u1ea3o s\u1ef1 k\u00edn \u0111\u00e1o khi s\u1eed d\u1ee5ng c\u00e1 nh\u00e2n.<\/p>\n<h3 data-start=\"2900\" data-end=\"2952\"><strong data-start=\"2904\" data-end=\"2950\">4. C\u00f3 th\u1ec3 d\u00f9ng tr\u1ee9ng rung d\u01b0\u1edbi n\u01b0\u1edbc kh\u00f4ng?<\/strong><\/h3>\n<p data-start=\"2953\" data-end=\"3050\">S\u1ea3n ph\u1ea9m ch\u1ec9 c\u00f3 ph\u1ea7n \u0111\u1ea7u rung inox c\u00f3 th\u1ec3 ch\u1ed1ng n\u01b0\u1edbc nh\u1eb9 (ch\u1ed1ng \u1ea9m), nh\u01b0ng b\u1ed9 \u0111i\u1ec1u khi\u1ec3n pin kh\u00f4ng ch\u1ed1ng n\u01b0\u1edbc. <b>Tr\u00e1nh \u0111\u1ec3 n\u01b0\u1edbc v\u00e0o b\u1ed9 \u0111i\u1ec1u khi\u1ec3n.<\/b><\/p>\n<h3 data-start=\"3052\" data-end=\"3115\"><strong data-start=\"3056\" data-end=\"3113\">5. Tr\u1ee9ng rung inox c\u00f3 ph\u00f9 h\u1ee3p cho c\u1ea3 nam v\u00e0 n\u1eef kh\u00f4ng?<\/strong><\/h3>\n<p data-start=\"3116\" data-end=\"3224\">C\u00f3, s\u1ea3n ph\u1ea9m ph\u00f9 h\u1ee3p cho c\u1ea3 <strong data-start=\"3144\" data-end=\"3157\">nam v\u00e0 n\u1eef<\/strong>, \u0111\u1eb7c bi\u1ec7t khi mu\u1ed1n k\u00edch th\u00edch \u0111i\u1ec3m G, \u0111\u1ea7u ti ho\u1eb7c v\u00f9ng nh\u1ea1y c\u1ea3m.<\/p>\n<h3 data-start=\"3226\" data-end=\"3280\"><strong data-start=\"3230\" data-end=\"3278\">6. C\u00f3 \u0111\u01b0\u1ee3c b\u1ea3o h\u00e0nh khi mua t\u1ea1i 7PONG kh\u00f4ng?<\/strong><\/h3>\n<p data-start=\"3281\" data-end=\"3424\">Khi mua s\u1ea3n ph\u1ea9m <b>Tr\u1ee9ng Rung T\u00ecnh Y\u00eau 1 \u0110\u1ea7u Inox Rung Si\u00eau M\u1ea1nh<\/b> t\u1ea1i c\u1eeda h\u00e0ng \u0111\u1ed3 ch\u01a1i <span class=\"math-inline\"><span class=\"katex\"><span class=\"katex-html\" aria-hidden=\"true\"><span class=\"base\"><span class=\"mord\"><span class=\"mord mathbf\">7PONG<\/span><\/span><\/span><\/span><\/span><\/span> shop s\u1ebd h\u1ed7 tr\u1ee3 s\u1eeda ch\u1eefa trong <span class=\"math-inline\"><span class=\"katex\"><span class=\"katex-html\" aria-hidden=\"true\"><span class=\"base\"><span class=\"mord mathbf\">1<\/span><\/span><\/span><\/span><\/span> tu\u1ea7n t\u00ednh t\u1eeb ng\u00e0y mua s\u1ea3n ph\u1ea9m. V\u00ec \u0111\u00e2y l\u00e0 h\u00e0ng c\u00e1 nh\u00e2n s\u1eed d\u1ee5ng ri\u00eang c\u1ee7a m\u1ed7i ng\u01b0\u1eddi n\u00ean shop kh\u00f4ng h\u1ed7 tr\u1ee3 b\u1ea3o h\u00e0nh \u0111\u1ed5i tr\u1ea3, mong qu\u00fd kh\u00e1ch th\u00f4ng c\u1ea3m.<\/p>\n<h2 data-start=\"3431\" data-end=\"3513\"><strong data-start=\"3434\" data-end=\"3513\">Ng\u01b0\u1eddi D\u00f9ng \u0110\u00e1nh Gi\u00e1 Tr\u1ee9ng Rung T\u00ecnh Y\u00eau 1 \u0110\u1ea7u Inox Rung Si\u00eau M\u1ea1nh T\u1ea1i 7PONG<\/strong><\/h2>\n<p data-start=\"3515\" data-end=\"3631\"><strong data-start=\"3517\" data-end=\"3537\">Lan Anh \u2013 TP.HCM<\/strong>: \u201cTr\u1ee9ng rung inox m\u00e1t l\u1ea1nh, c\u1ea3m gi\u00e1c k\u00edch th\u00edch c\u1ef1c m\u1ea1nh. Shop giao h\u00e0ng nhanh v\u00e0 k\u00edn \u0111\u00e1o.\u201d<\/p>\n<p data-start=\"3633\" data-end=\"3741\"><strong data-start=\"3635\" data-end=\"3657\">Minh H\u1eb1ng \u2013 H\u00e0 N\u1ed9i<\/strong>: \u201cM\u00ecnh r\u1ea5t h\u00e0i l\u00f2ng, \u0111\u1ed9 rung m\u1ea1nh d\u1ec5 \u0111i\u1ec1u ch\u1ec9nh. D\u00f9ng v\u00e0i ph\u00fat l\u00e0 l\u00ean \u0111\u1ec9nh lu\u00f4n!\u201d<\/p>\n<p data-start=\"3743\" data-end=\"3847\"><strong data-start=\"3745\" data-end=\"3767\">Anh Duy \u2013 B\u1ea1c Li\u00eau<\/strong>: \u201cS\u1ea3n ph\u1ea9m nh\u1ecf g\u1ecdn, d\u1ec5 d\u00f9ng. D\u00f9ng c\u00f9ng b\u1ea1n g\u00e1i r\u1ea5t vui, t\u1ea1o c\u1ea3m gi\u00e1c m\u1edbi l\u1ea1.\u201d<\/p>\n<p data-start=\"3849\" data-end=\"3966\"><strong data-start=\"3851\" data-end=\"3870\">T\u00fa Vy \u2013 C\u1ea7n Th\u01a1<\/strong>: \u201cRung m\u1ea1nh nh\u01b0ng \u00eam, ti\u1ebfng nh\u1ecf, s\u1eed d\u1ee5ng ri\u00eang t\u01b0 tho\u1ea3i m\u00e1i. Giao h\u00e0ng k\u00edn \u0111\u00e1o, b\u1ea3o m\u1eadt t\u1ed1t.\u201d<\/p>\n<p data-start=\"3968\" data-end=\"4070\"><strong data-start=\"3970\" data-end=\"3993\">Ng\u1ecdc B\u00edch \u2013 \u0110\u00e0 N\u1eb5ng<\/strong>: \u201cGi\u00e1 r\u1ebb, ch\u1ea5t l\u01b0\u1ee3ng t\u1ed1t, pin t\u1eb7ng k\u00e8m d\u00f9ng l\u00e2u. R\u1ea5t \u0111\u00e1ng \u0111\u1ec3 tr\u1ea3i nghi\u1ec7m.\u201d<\/p>\n<h2 data-start=\"4077\" data-end=\"4128\"><strong data-start=\"4080\" data-end=\"4128\">Mua H\u00e0ng T\u1ea1i 7PONG C\u1eeda H\u00e0ng \u0110\u1ed3 Ch\u01a1i T\u00ecnh Y\u00eau<\/strong><\/h2>\n<ul data-start=\"4130\" data-end=\"4383\">\n<li data-start=\"4130\" data-end=\"4198\">\n<p data-start=\"4132\" data-end=\"4198\"><strong data-start=\"4132\" data-end=\"4161\">B\u00e1n h\u00e0ng online to\u00e0n qu\u1ed1c, b<\/strong><b>\u1ea3o m\u1eadt tuy\u1ec7t \u0111\u1ed1i:<\/b> Giao h\u00e0ng k\u00edn \u0111\u00e1o t\u1eadn n\u01a1i to\u00e0n qu\u1ed1c, b\u1ea3o m\u1eadt th\u00f4ng tin kh\u00e1ch h\u00e0ng, <b>kh\u00f4ng ghi t\u00ean s\u1ea3n ph\u1ea9m nh\u1ea1y c\u1ea3m<\/b> tr\u00ean ki\u1ec7n h\u00e0ng.<\/p>\n<\/li>\n<\/ul>\n<p>H\u00ecnh \u1ea3nh s\u1ea3n ph\u1ea9m<\/p>\n<figure id=\"attachment_875\" aria-describedby=\"caption-attachment-875\" style=\"width: 800px\" class=\"wp-caption alignnone\"><img loading=\"lazy\" decoding=\"async\" class=\"size-full wp-image-875\" src=\"http:\/\/7pong.com\/wp-content\/uploads\/2025\/10\/Trung-Rung-Tinh-Yeu-Inox-1-Dau-_-7PONG-MSP02-_-Cua-Hang-Do-Choi-Tinh-Yeu.-2-2.jpg\" alt=\"Tr\u1ee9ng Rung T\u00ecnh Y\u00eau 1 \u0110\u1ea7u Inox Rung Si\u00eau M\u1ea1nh | 7PONG MSP02 | C\u1eeda H\u00e0ng \u0110\u1ed3 Ch\u01a1i T\u00ecnh Y\u00eau\" width=\"800\" height=\"800\" \/><figcaption id=\"caption-attachment-875\" class=\"wp-caption-text\">Tr\u1ee9ng Rung T\u00ecnh Y\u00eau 1 \u0110\u1ea7u Inox Rung Si\u00eau M\u1ea1nh | 7PONG MSP02 | C\u1eeda H\u00e0ng \u0110\u1ed3 Ch\u01a1i T\u00ecnh Y\u00eau<\/figcaption><\/figure>\n<figure id=\"attachment_874\" aria-describedby=\"caption-attachment-874\" style=\"width: 800px\" class=\"wp-caption alignnone\"><img loading=\"lazy\" decoding=\"async\" class=\"size-full wp-image-874\" src=\"http:\/\/7pong.com\/wp-content\/uploads\/2025\/10\/Trung-Rung-Tinh-Yeu-Inox-1-Dau-_-7PONG-MSP02-_-Cua-Hang-Do-Choi-Tinh-Yeu-4.jpg\" alt=\"Tr\u1ee9ng Rung T\u00ecnh Y\u00eau 1 \u0110\u1ea7u Inox Rung Si\u00eau M\u1ea1nh | 7PONG MSP02 | C\u1eeda H\u00e0ng \u0110\u1ed3 Ch\u01a1i T\u00ecnh Y\u00eau\" width=\"800\" height=\"800\" \/><figcaption id=\"caption-attachment-874\" class=\"wp-caption-text\">Tr\u1ee9ng Rung T\u00ecnh Y\u00eau 1 \u0110\u1ea7u Inox Rung Si\u00eau M\u1ea1nh | 7PONG MSP02 | C\u1eeda H\u00e0ng \u0110\u1ed3 Ch\u01a1i T\u00ecnh Y\u00eau<\/figcaption><\/figure>\n<figure id=\"attachment_873\" aria-describedby=\"caption-attachment-873\" style=\"width: 800px\" class=\"wp-caption alignnone\"><img loading=\"lazy\" decoding=\"async\" class=\"size-full wp-image-873\" src=\"http:\/\/7pong.com\/wp-content\/uploads\/2025\/10\/Trung-Rung-Tinh-Yeu-Inox-1-Dau-_-7PONG-MSP02-_-Cua-Hang-Do-Choi-Tinh-Yeu-3.jpg\" alt=\"Tr\u1ee9ng Rung T\u00ecnh Y\u00eau 1 \u0110\u1ea7u Inox Rung Si\u00eau M\u1ea1nh | 7PONG MSP02 | C\u1eeda H\u00e0ng \u0110\u1ed3 Ch\u01a1i T\u00ecnh Y\u00eau\" width=\"800\" height=\"800\" \/><figcaption id=\"caption-attachment-873\" class=\"wp-caption-text\">Tr\u1ee9ng Rung T\u00ecnh Y\u00eau 1 \u0110\u1ea7u Inox Rung Si\u00eau M\u1ea1nh | 7PONG MSP02 | C\u1eeda H\u00e0ng \u0110\u1ed3 Ch\u01a1i T\u00ecnh Y\u00eau<\/figcaption><\/figure>\n<figure id=\"attachment_871\" aria-describedby=\"caption-attachment-871\" style=\"width: 800px\" class=\"wp-caption alignnone\"><img loading=\"lazy\" decoding=\"async\" class=\"size-full wp-image-871\" src=\"http:\/\/7pong.com\/wp-content\/uploads\/2025\/10\/Trung-Rung-Tinh-Yeu-Inox-1-Dau-_-7PONG-MSP02-_-Cua-Hang-Do-Choi-Tinh-Yeu.-1-1.jpg\" alt=\"Tr\u1ee9ng Rung T\u00ecnh Y\u00eau 1 \u0110\u1ea7u Inox Rung Si\u00eau M\u1ea1nh | 7PONG MSP02 | C\u1eeda H\u00e0ng \u0110\u1ed3 Ch\u01a1i T\u00ecnh Y\u00eau\" width=\"800\" height=\"800\" \/><figcaption id=\"caption-attachment-871\" class=\"wp-caption-text\">Tr\u1ee9ng Rung T\u00ecnh Y\u00eau 1 \u0110\u1ea7u Inox Rung Si\u00eau M\u1ea1nh | 7PONG MSP02 | C\u1eeda H\u00e0ng \u0110\u1ed3 Ch\u01a1i T\u00ecnh Y\u00eau<\/figcaption><\/figure>\n<figure id=\"attachment_870\" aria-describedby=\"caption-attachment-870\" style=\"width: 800px\" class=\"wp-caption alignnone\"><img loading=\"lazy\" decoding=\"async\" class=\"size-full wp-image-870\" src=\"http:\/\/7pong.com\/wp-content\/uploads\/2025\/10\/Trung-Rung-Tinh-Yeu-Inox-1-Dau-_-7PONG-MSP02-_-Cua-Hang-Do-Choi-Tinh-Yeu-2.jpg\" alt=\"Tr\u1ee9ng Rung T\u00ecnh Y\u00eau 1 \u0110\u1ea7u Inox Rung Si\u00eau M\u1ea1nh | 7PONG MSP02 | C\u1eeda H\u00e0ng \u0110\u1ed3 Ch\u01a1i T\u00ecnh Y\u00eau\" width=\"800\" height=\"800\" \/><figcaption id=\"caption-attachment-870\" class=\"wp-caption-text\">Tr\u1ee9ng Rung T\u00ecnh Y\u00eau 1 \u0110\u1ea7u Inox Rung Si\u00eau M\u1ea1nh | 7PONG MSP02 | C\u1eeda H\u00e0ng \u0110\u1ed3 Ch\u01a1i T\u00ecnh Y\u00eau<\/figcaption><\/figure>\n<p>&nbsp;<\/p>\n<h3 data-start=\"4543\" data-end=\"4702\"><strong data-start=\"4711\" data-end=\"4732\">T\u1eeb kh\u00f3a s\u1ea3n ph\u1ea9m:<\/strong><\/h3>\n<ul>\n<li data-start=\"4735\" data-end=\"4769\">\n<p data-start=\"4737\" data-end=\"4769\">Tr\u1ee9ng rung t\u00ecnh y\u00eau 1 \u0111\u1ea7u inox<\/p>\n<\/li>\n<li data-start=\"4770\" data-end=\"4804\">\n<p data-start=\"4772\" data-end=\"4804\">Tr\u1ee9ng rung inox rung si\u00eau m\u1ea1nh<\/p>\n<\/li>\n<li data-start=\"4805\" data-end=\"4834\">\n<p data-start=\"4807\" data-end=\"4834\">\u0110\u1ed3 ch\u01a1i t\u00ecnh d\u1ee5c n\u1eef 7PONG<\/p>\n<\/li>\n<li data-start=\"4835\" data-end=\"4865\">\n<p data-start=\"4837\" data-end=\"4865\">Tr\u1ee9ng rung t\u00ecnh y\u00eau gi\u00e1 r\u1ebb<\/p>\n<\/li>\n<li data-start=\"4866\" data-end=\"4901\">\n<p data-start=\"4868\" data-end=\"4901\">C\u1eeda h\u00e0ng \u0111\u1ed3 ch\u01a1i t\u00ecnh d\u1ee5c 7PONG<\/p>\n<\/li>\n<li data-start=\"4866\" data-end=\"4901\">Tr\u1ee9ng Rung T\u00ecnh Y\u00eau.<\/li>\n<\/ul>\n","protected":false},"excerpt":{"rendered":"<p>Mua <strong>Tr\u1ee9ng Rung T\u00ecnh Y\u00eau 1 \u0110\u1ea7u Inox Rung Si\u00eau M\u1ea1nh<\/strong> t\u1ea1i <strong>7PONG C\u1eeda H\u00e0ng \u0110\u1ed3 Ch\u01a1i T\u00ecnh Y\u00eau<\/strong>. Thi\u1ebft k\u1ebf nh\u1ecf g\u1ecdn, rung m\u1ea1nh nhi\u1ec1u c\u1ea5p \u0111\u1ed9, giao h\u00e0ng k\u00edn \u0111\u00e1o to\u00e0n qu\u1ed1c.<\/p>\n","protected":false},"featured_media":870,"comment_status":"open","ping_status":"closed","template":"","meta":[],"product_brand":[],"product_cat":[39,30],"product_tag":[],"class_list":{"0":"post-865","1":"product","2":"type-product","3":"status-publish","4":"has-post-thumbnail","6":"product_cat-do-choi-nguoi-lon-cho-nu","7":"product_cat-trung-rung-may-massage","9":"first","10":"instock","11":"shipping-taxable","12":"product-type-simple"},"_links":{"self":[{"href":"http:\/\/7pong.com\/vi\/wp-json\/wp\/v2\/product\/865","targetHints":{"allow":["GET"]}}],"collection":[{"href":"http:\/\/7pong.com\/vi\/wp-json\/wp\/v2\/product"}],"about":[{"href":"http:\/\/7pong.com\/vi\/wp-json\/wp\/v2\/types\/product"}],"replies":[{"embeddable":true,"href":"http:\/\/7pong.com\/vi\/wp-json\/wp\/v2\/comments?post=865"}],"wp:featuredmedia":[{"embeddable":true,"href":"http:\/\/7pong.com\/vi\/wp-json\/wp\/v2\/media\/870"}],"wp:attachment":[{"href":"http:\/\/7pong.com\/vi\/wp-json\/wp\/v2\/media?parent=865"}],"wp:term":[{"taxonomy":"product_brand","embeddable":true,"href":"http:\/\/7pong.com\/vi\/wp-json\/wp\/v2\/product_brand?post=865"},{"taxonomy":"product_cat","embeddable":true,"href":"http:\/\/7pong.com\/vi\/wp-json\/wp\/v2\/product_cat?post=865"},{"taxonomy":"product_tag","embeddable":true,"href":"http:\/\/7pong.com\/vi\/wp-json\/wp\/v2\/product_tag?post=865"}],"curies":[{"name":"wp","href":"https:\/\/api.w.org\/{rel}","templated":true}]}}